{"id":323,"date":"2022-03-02T12:28:32","date_gmt":"2022-03-02T12:28:32","guid":{"rendered":"https:\/\/sematix.lt\/ueber-uns\/"},"modified":"2022-03-02T12:28:32","modified_gmt":"2022-03-02T12:28:32","slug":"ueber-uns","status":"publish","type":"page","link":"https:\/\/sematix.lt\/de\/ueber-uns\/","title":{"rendered":"\u00dcBER UNS"},"content":{"rendered":"\t\t<div data-elementor-type=\"wp-page\" data-elementor-id=\"323\" class=\"elementor elementor-323 elementor-106\" data-elementor-post-type=\"page\">\n\t\t\t\t\t\t<section class=\"elementor-section elementor-top-section elementor-element elementor-element-0cdf158 elementor-section-boxed elementor-section-height-default elementor-section-height-default\" data-id=\"0cdf158\" data-element_type=\"section\" data-e-type=\"section\" data-settings=\"{&quot;background_background&quot;:&quot;classic&quot;}\">\n\t\t\t\t\t\t\t<div class=\"elementor-background-overlay\"><\/div>\n\t\t\t\t\t\t\t<div class=\"elementor-container elementor-column-gap-default\">\n\t\t\t\t\t<div class=\"elementor-column elementor-col-50 elementor-top-column elementor-element elementor-element-9f46b5e\" data-id=\"9f46b5e\" data-element_type=\"column\" data-e-type=\"column\">\n\t\t\t<div class=\"elementor-widget-wrap elementor-element-populated\">\n\t\t\t\t\t\t<div class=\"elementor-element elementor-element-e727b38 elementor-widget elementor-widget-heading\" data-id=\"e727b38\" data-element_type=\"widget\" data-e-type=\"widget\" data-widget_type=\"heading.default\">\n\t\t\t\t<div class=\"elementor-widget-container\">\n\t\t\t\t\t<h2 class=\"elementor-heading-title elementor-size-default\">\u00dcBER UNS<\/h2>\t\t\t\t<\/div>\n\t\t\t\t<\/div>\n\t\t\t\t<div class=\"elementor-element elementor-element-8daecea elementor-widget-divider--view-line elementor-widget elementor-widget-divider\" data-id=\"8daecea\" data-element_type=\"widget\" data-e-type=\"widget\" data-widget_type=\"divider.default\">\n\t\t\t\t<div class=\"elementor-widget-container\">\n\t\t\t\t\t\t\t<div class=\"elementor-divider\">\n\t\t\t<span class=\"elementor-divider-separator\">\n\t\t\t\t\t\t<\/span>\n\t\t<\/div>\n\t\t\t\t\t\t<\/div>\n\t\t\t\t<\/div>\n\t\t\t\t\t<\/div>\n\t\t<\/div>\n\t\t\t\t<div class=\"elementor-column elementor-col-50 elementor-top-column elementor-element elementor-element-c0ad5f8\" data-id=\"c0ad5f8\" data-element_type=\"column\" data-e-type=\"column\">\n\t\t\t<div class=\"elementor-widget-wrap\">\n\t\t\t\t\t\t\t<\/div>\n\t\t<\/div>\n\t\t\t\t\t<\/div>\n\t\t<\/section>\n\t\t\t\t<section class=\"elementor-section elementor-top-section elementor-element elementor-element-2cd1873 elementor-section-boxed elementor-section-height-default elementor-section-height-default\" data-id=\"2cd1873\" data-element_type=\"section\" data-e-type=\"section\">\n\t\t\t\t\t\t<div class=\"elementor-container elementor-column-gap-default\">\n\t\t\t\t\t<div class=\"elementor-column elementor-col-100 elementor-top-column elementor-element elementor-element-5c6bac4\" data-id=\"5c6bac4\" data-element_type=\"column\" data-e-type=\"column\">\n\t\t\t<div class=\"elementor-widget-wrap elementor-element-populated\">\n\t\t\t\t\t\t<div class=\"elementor-element elementor-element-19beca9 elementor-widget elementor-widget-text-editor\" data-id=\"19beca9\" data-element_type=\"widget\" data-e-type=\"widget\" data-widget_type=\"text-editor.default\">\n\t\t\t\t<div class=\"elementor-widget-container\">\n\t\t\t\t\t\t\t\t\t<p>SEMATIX \u2013 das ist ein Team von Fachleuten, das sich auf die Optimierung von Gesch\u00e4ftsprozessen spezialisiert. Wir haben immer ein offenes Ohr f\u00fcr Ihre Bed\u00fcrfnisse und bieten Ihnen die besten L\u00f6sungen, um Ihr Gesch\u00e4ft wachsen zu lassen. <\/p>\n\t\t\t\t\t\t\t\t<\/div>\n\t\t\t\t<\/div>\n\t\t\t\t<div class=\"elementor-element elementor-element-0807b82 elementor-invisible elementor-widget elementor-widget-heading\" data-id=\"0807b82\" data-element_type=\"widget\" data-e-type=\"widget\" data-settings=\"{&quot;_animation&quot;:&quot;fadeInUp&quot;}\" data-widget_type=\"heading.default\">\n\t\t\t\t<div class=\"elementor-widget-container\">\n\t\t\t\t\t<h2 class=\"elementor-heading-title elementor-size-default\">Unsere Fachleute k\u00fcmmern sich um Ihre Produktions-, Verpackungs-, Lagerungs- oder Verkaufsprozesse und bieten Ihnen auch L\u00f6sungen von Outsourcing des Personalbereichs an. \n<\/h2>\t\t\t\t<\/div>\n\t\t\t\t<\/div>\n\t\t\t\t\t<\/div>\n\t\t<\/div>\n\t\t\t\t\t<\/div>\n\t\t<\/section>\n\t\t\t\t<section class=\"elementor-section elementor-top-section elementor-element elementor-element-2034d3e elementor-section-full_width elementor-section-height-default elementor-section-height-default\" data-id=\"2034d3e\" data-element_type=\"section\" data-e-type=\"section\" data-settings=\"{&quot;background_background&quot;:&quot;classic&quot;}\">\n\t\t\t\t\t\t<div class=\"elementor-container elementor-column-gap-default\">\n\t\t\t\t\t<div class=\"elementor-column elementor-col-50 elementor-top-column elementor-element elementor-element-209af4a\" data-id=\"209af4a\" data-element_type=\"column\" data-e-type=\"column\">\n\t\t\t<div class=\"elementor-widget-wrap elementor-element-populated\">\n\t\t\t\t\t\t<div class=\"elementor-element elementor-element-48e62dc elementor-widget elementor-widget-text-editor\" data-id=\"48e62dc\" data-element_type=\"widget\" data-e-type=\"widget\" data-widget_type=\"text-editor.default\">\n\t\t\t\t<div class=\"elementor-widget-container\">\n\t\t\t\t\t\t\t\t\t<p>Outsourcings von Personalfunktionen ist zwar keine neue, aber hocheffiziente und flexible L\u00f6sung in einer sich st\u00e4ndig weiterentwickelnden Welt und einem sich ver\u00e4ndernden Arbeitsmarkt. Indem Sie einen Teil Ihrer Arbeit an unsere Teams auslagern, sorgen Sie f\u00fcr Stabilit\u00e4t und Optimierung des gesamten Arbeitsprozesses. Und so k\u00f6nnen Sie Ihre Ressourcen auf Bereiche lenken, die mehr Ihrer Aufmerksamkeit bed\u00fcrfen. Unsere Experten bilden effiziente Teams, die in den Bereichen Lagerung, Produktion, Waren- und Lebensmittelverpackung arbeiten.  <\/p>\n\t\t\t\t\t\t\t\t<\/div>\n\t\t\t\t<\/div>\n\t\t\t\t\t<\/div>\n\t\t<\/div>\n\t\t\t\t<div class=\"elementor-column elementor-col-50 elementor-top-column elementor-element elementor-element-58b90a8\" data-id=\"58b90a8\" data-element_type=\"column\" data-e-type=\"column\">\n\t\t\t<div class=\"elementor-widget-wrap elementor-element-populated\">\n\t\t\t\t\t\t<div class=\"elementor-element elementor-element-48e26b6 elementor-widget elementor-widget-image\" data-id=\"48e26b6\" data-element_type=\"widget\" data-e-type=\"widget\" data-widget_type=\"image.default\">\n\t\t\t\t<div class=\"elementor-widget-container\">\n\t\t\t\t\t\t\t\t\t\t\t\t\t\t\t<img fetchpriority=\"high\" decoding=\"async\" width=\"1024\" height=\"683\" src=\"https:\/\/sematix.lt\/wp-content\/uploads\/2022\/01\/freestocks-vcPtHBqHnKk-unsplash-1024x683.jpg\" class=\"attachment-large size-large wp-image-301\" alt=\"\" srcset=\"https:\/\/sematix.lt\/wp-content\/uploads\/2022\/01\/freestocks-vcPtHBqHnKk-unsplash-1024x683.jpg 1024w, https:\/\/sematix.lt\/wp-content\/uploads\/2022\/01\/freestocks-vcPtHBqHnKk-unsplash-300x200.jpg 300w, https:\/\/sematix.lt\/wp-content\/uploads\/2022\/01\/freestocks-vcPtHBqHnKk-unsplash-768x512.jpg 768w, https:\/\/sematix.lt\/wp-content\/uploads\/2022\/01\/freestocks-vcPtHBqHnKk-unsplash-1536x1024.jpg 1536w, https:\/\/sematix.lt\/wp-content\/uploads\/2022\/01\/freestocks-vcPtHBqHnKk-unsplash-2048x1365.jpg 2048w\" sizes=\"(max-width: 1024px) 100vw, 1024px\" \/>\t\t\t\t\t\t\t\t\t\t\t\t\t\t\t<\/div>\n\t\t\t\t<\/div>\n\t\t\t\t\t<\/div>\n\t\t<\/div>\n\t\t\t\t\t<\/div>\n\t\t<\/section>\n\t\t\t\t<section class=\"elementor-section elementor-top-section elementor-element elementor-element-6aafb18 elementor-section-boxed elementor-section-height-default elementor-section-height-default\" data-id=\"6aafb18\" data-element_type=\"section\" data-e-type=\"section\">\n\t\t\t\t\t\t<div class=\"elementor-container elementor-column-gap-default\">\n\t\t\t\t\t<div class=\"elementor-column elementor-col-100 elementor-top-column elementor-element elementor-element-f9f26b8\" data-id=\"f9f26b8\" data-element_type=\"column\" data-e-type=\"column\">\n\t\t\t<div class=\"elementor-widget-wrap elementor-element-populated\">\n\t\t\t\t\t\t<div class=\"elementor-element elementor-element-300262a elementor-invisible elementor-widget elementor-widget-heading\" data-id=\"300262a\" data-element_type=\"widget\" data-e-type=\"widget\" data-settings=\"{&quot;_animation&quot;:&quot;fadeInUp&quot;}\" data-widget_type=\"heading.default\">\n\t\t\t\t<div class=\"elementor-widget-container\">\n\t\t\t\t\t<h2 class=\"elementor-heading-title elementor-size-default\">Wenn Ihr Unternehmen \u00fcber folgende Aspekte besorgt ist, bieten wir Ihnen gerne die richtigen L\u00f6sungen an:<\/h2>\t\t\t\t<\/div>\n\t\t\t\t<\/div>\n\t\t\t\t<div class=\"elementor-element elementor-element-9eb1ccb elementor-icon-list--layout-traditional elementor-list-item-link-full_width elementor-widget elementor-widget-icon-list\" data-id=\"9eb1ccb\" data-element_type=\"widget\" data-e-type=\"widget\" data-widget_type=\"icon-list.default\">\n\t\t\t\t<div class=\"elementor-widget-container\">\n\t\t\t\t\t\t\t<ul class=\"elementor-icon-list-items\">\n\t\t\t\t\t\t\t<li class=\"elementor-icon-list-item\">\n\t\t\t\t\t\t\t\t\t\t\t<span class=\"elementor-icon-list-icon\">\n\t\t\t\t\t\t\t<i aria-hidden=\"true\" class=\"fas fa-dot-circle\"><\/i>\t\t\t\t\t\t<\/span>\n\t\t\t\t\t\t\t\t\t\t<span class=\"elementor-icon-list-text\">Eine bessere Budgetkontrolle<\/span>\n\t\t\t\t\t\t\t\t\t<\/li>\n\t\t\t\t\t\t\t\t<li class=\"elementor-icon-list-item\">\n\t\t\t\t\t\t\t\t\t\t\t<span class=\"elementor-icon-list-icon\">\n\t\t\t\t\t\t\t<i aria-hidden=\"true\" class=\"fas fa-dot-circle\"><\/i>\t\t\t\t\t\t<\/span>\n\t\t\t\t\t\t\t\t\t\t<span class=\"elementor-icon-list-text\">Abwicklung Ihres Unternehmens, ohne Erh\u00f6hung der Anzahl von Mitarbeitern<\/span>\n\t\t\t\t\t\t\t\t\t<\/li>\n\t\t\t\t\t\t\t\t<li class=\"elementor-icon-list-item\">\n\t\t\t\t\t\t\t\t\t\t\t<span class=\"elementor-icon-list-icon\">\n\t\t\t\t\t\t\t<i aria-hidden=\"true\" class=\"fas fa-dot-circle\"><\/i>\t\t\t\t\t\t<\/span>\n\t\t\t\t\t\t\t\t\t\t<span class=\"elementor-icon-list-text\">Ein verschaffter Wettbewerbsvorteil auf dem Markt, indem Ihr Unternehmen flexibel und saisonunabh\u00e4ngig wird<\/span>\n\t\t\t\t\t\t\t\t\t<\/li>\n\t\t\t\t\t\t\t\t<li class=\"elementor-icon-list-item\">\n\t\t\t\t\t\t\t\t\t\t\t<span class=\"elementor-icon-list-icon\">\n\t\t\t\t\t\t\t<i aria-hidden=\"true\" class=\"fas fa-dot-circle\"><\/i>\t\t\t\t\t\t<\/span>\n\t\t\t\t\t\t\t\t\t\t<span class=\"elementor-icon-list-text\">Sicherstellung der betrieblichen Effizienz angesichts von Ver\u00e4nderungen im internen und externen Umfeld: Urlaub der Mitarbeiter, Krankheitsurlaub, vor\u00fcbergehender Anstieg der Arbeitsbelastung usw<\/span>\n\t\t\t\t\t\t\t\t\t<\/li>\n\t\t\t\t\t\t\t\t<li class=\"elementor-icon-list-item\">\n\t\t\t\t\t\t\t\t\t\t\t<span class=\"elementor-icon-list-icon\">\n\t\t\t\t\t\t\t<i aria-hidden=\"true\" class=\"fas fa-dot-circle\"><\/i>\t\t\t\t\t\t<\/span>\n\t\t\t\t\t\t\t\t\t\t<span class=\"elementor-icon-list-text\">Reduzierung des Zeitaufwands: keine Zeit mehr mit der Suche, der Verwaltung, der internen Kommunikation oder der Bereitstellung von Arbeitsmitteln zu verbringen<\/span>\n\t\t\t\t\t\t\t\t\t<\/li>\n\t\t\t\t\t\t\t\t<li class=\"elementor-icon-list-item\">\n\t\t\t\t\t\t\t\t\t\t\t<span class=\"elementor-icon-list-icon\">\n\t\t\t\t\t\t\t<i aria-hidden=\"true\" class=\"fas fa-dot-circle\"><\/i>\t\t\t\t\t\t<\/span>\n\t\t\t\t\t\t\t\t\t\t<span class=\"elementor-icon-list-text\">Flexibles Planen und schnelle Reaktion sowie Anpassung auf Ver\u00e4nderungen<\/span>\n\t\t\t\t\t\t\t\t\t<\/li>\n\t\t\t\t\t\t<\/ul>\n\t\t\t\t\t\t<\/div>\n\t\t\t\t<\/div>\n\t\t\t\t\t<\/div>\n\t\t<\/div>\n\t\t\t\t\t<\/div>\n\t\t<\/section>\n\t\t\t\t<\/div>\n\t\t","protected":false},"excerpt":{"rendered":"<p>\u00dcBER UNS SEMATIX \u2013 das ist ein Team von Fachleuten, das sich auf die Optimierung von Gesch\u00e4ftsprozessen spezialisiert. Wir haben immer ein offenes Ohr f\u00fcr Ihre Bed\u00fcrfnisse und bieten Ihnen die besten L\u00f6sungen, um Ihr Gesch\u00e4ft wachsen zu lassen. Unsere Fachleute k\u00fcmmern sich um Ihre Produktions-, Verpackungs-, Lagerungs- oder Verkaufsprozesse und bieten Ihnen auch L\u00f6sungen [&hellip;]<\/p>\n","protected":false},"author":1,"featured_media":0,"parent":0,"menu_order":0,"comment_status":"closed","ping_status":"closed","template":"elementor_header_footer","meta":{"ocean_post_layout":"","ocean_both_sidebars_style":"","ocean_both_sidebars_content_width":0,"ocean_both_sidebars_sidebars_width":0,"ocean_sidebar":"0","ocean_second_sidebar":"0","ocean_disable_margins":"on","ocean_add_body_class":"","ocean_shortcode_before_top_bar":"","ocean_shortcode_after_top_bar":"","ocean_shortcode_before_header":"","ocean_shortcode_after_header":"","ocean_has_shortcode":"","ocean_shortcode_after_title":"","ocean_shortcode_before_footer_widgets":"","ocean_shortcode_after_footer_widgets":"","ocean_shortcode_before_footer_bottom":"","ocean_shortcode_after_footer_bottom":"","ocean_display_top_bar":"default","ocean_display_header":"default","ocean_header_style":"","ocean_center_header_left_menu":"0","ocean_custom_header_template":"0","ocean_custom_logo":0,"ocean_custom_retina_logo":0,"ocean_custom_logo_max_width":0,"ocean_custom_logo_tablet_max_width":0,"ocean_custom_logo_mobile_max_width":0,"ocean_custom_logo_max_height":0,"ocean_custom_logo_tablet_max_height":0,"ocean_custom_logo_mobile_max_height":0,"ocean_header_custom_menu":"0","ocean_menu_typo_font_family":"0","ocean_menu_typo_font_subset":"","ocean_menu_typo_font_size":0,"ocean_menu_typo_font_size_tablet":0,"ocean_menu_typo_font_size_mobile":0,"ocean_menu_typo_font_size_unit":"px","ocean_menu_typo_font_weight":"","ocean_menu_typo_font_weight_tablet":"","ocean_menu_typo_font_weight_mobile":"","ocean_menu_typo_transform":"","ocean_menu_typo_transform_tablet":"","ocean_menu_typo_transform_mobile":"","ocean_menu_typo_line_height":0,"ocean_menu_typo_line_height_tablet":0,"ocean_menu_typo_line_height_mobile":0,"ocean_menu_typo_line_height_unit":"","ocean_menu_typo_spacing":0,"ocean_menu_typo_spacing_tablet":0,"ocean_menu_typo_spacing_mobile":0,"ocean_menu_typo_spacing_unit":"","ocean_menu_link_color":"","ocean_menu_link_color_hover":"","ocean_menu_link_color_active":"","ocean_menu_link_background":"","ocean_menu_link_hover_background":"","ocean_menu_link_active_background":"","ocean_menu_social_links_bg":"","ocean_menu_social_hover_links_bg":"","ocean_menu_social_links_color":"","ocean_menu_social_hover_links_color":"","ocean_disable_title":"default","ocean_disable_heading":"default","ocean_post_title":"","ocean_post_subheading":"","ocean_post_title_style":"","ocean_post_title_background_color":"","ocean_post_title_background":0,"ocean_post_title_bg_image_position":"","ocean_post_title_bg_image_attachment":"","ocean_post_title_bg_image_repeat":"","ocean_post_title_bg_image_size":"","ocean_post_title_height":0,"ocean_post_title_bg_overlay":0.5,"ocean_post_title_bg_overlay_color":"","ocean_disable_breadcrumbs":"default","ocean_breadcrumbs_color":"","ocean_breadcrumbs_separator_color":"","ocean_breadcrumbs_links_color":"","ocean_breadcrumbs_links_hover_color":"","ocean_display_footer_widgets":"default","ocean_display_footer_bottom":"default","ocean_custom_footer_template":"0","footnotes":""},"class_list":["post-323","page","type-page","status-publish","hentry","entry"],"yoast_head":"<!-- This site is optimized with the Yoast SEO plugin v27.5 - https:\/\/yoast.com\/product\/yoast-seo-wordpress\/ -->\n<title>\u00dcBER UNS - SEMATIX<\/title>\n<meta name=\"robots\" content=\"index, follow, max-snippet:-1, max-image-preview:large, max-video-preview:-1\" \/>\n<link rel=\"canonical\" href=\"https:\/\/sematix.lt\/apie-mus\/\" \/>\n<meta property=\"og:locale\" content=\"de_DE\" \/>\n<meta property=\"og:type\" content=\"article\" \/>\n<meta property=\"og:title\" content=\"\u00dcBER UNS - SEMATIX\" \/>\n<meta property=\"og:description\" content=\"\u00dcBER UNS SEMATIX \u2013 das ist ein Team von Fachleuten, das sich auf die Optimierung von Gesch\u00e4ftsprozessen spezialisiert. Wir haben immer ein offenes Ohr f\u00fcr Ihre Bed\u00fcrfnisse und bieten Ihnen die besten L\u00f6sungen, um Ihr Gesch\u00e4ft wachsen zu lassen. Unsere Fachleute k\u00fcmmern sich um Ihre Produktions-, Verpackungs-, Lagerungs- oder Verkaufsprozesse und bieten Ihnen auch L\u00f6sungen [&hellip;]\" \/>\n<meta property=\"og:url\" content=\"https:\/\/sematix.lt\/apie-mus\/\" \/>\n<meta property=\"og:site_name\" content=\"SEMATIX\" \/>\n<meta property=\"og:image\" content=\"https:\/\/sematix.lt\/wp-content\/uploads\/2022\/01\/freestocks-vcPtHBqHnKk-unsplash-1024x683.jpg\" \/>\n<meta name=\"twitter:card\" content=\"summary_large_image\" \/>\n<meta name=\"twitter:label1\" content=\"Gesch\u00e4tzte Lesezeit\" \/>\n\t<meta name=\"twitter:data1\" content=\"1\u00a0Minute\" \/>\n<script type=\"application\/ld+json\" class=\"yoast-schema-graph\">{\"@context\":\"https:\\\/\\\/schema.org\",\"@graph\":[{\"@type\":\"WebPage\",\"@id\":\"https:\\\/\\\/sematix.lt\\\/apie-mus\\\/\",\"url\":\"https:\\\/\\\/sematix.lt\\\/apie-mus\\\/\",\"name\":\"\u00dcBER UNS - SEMATIX\",\"isPartOf\":{\"@id\":\"https:\\\/\\\/sematix.lt\\\/#website\"},\"primaryImageOfPage\":{\"@id\":\"https:\\\/\\\/sematix.lt\\\/apie-mus\\\/#primaryimage\"},\"image\":{\"@id\":\"https:\\\/\\\/sematix.lt\\\/apie-mus\\\/#primaryimage\"},\"thumbnailUrl\":\"https:\\\/\\\/sematix.lt\\\/wp-content\\\/uploads\\\/2022\\\/01\\\/freestocks-vcPtHBqHnKk-unsplash-1024x683.jpg\",\"datePublished\":\"2022-03-02T12:28:32+00:00\",\"breadcrumb\":{\"@id\":\"https:\\\/\\\/sematix.lt\\\/apie-mus\\\/#breadcrumb\"},\"inLanguage\":\"de\",\"potentialAction\":[{\"@type\":\"ReadAction\",\"target\":[\"https:\\\/\\\/sematix.lt\\\/apie-mus\\\/\"]}]},{\"@type\":\"ImageObject\",\"inLanguage\":\"de\",\"@id\":\"https:\\\/\\\/sematix.lt\\\/apie-mus\\\/#primaryimage\",\"url\":\"https:\\\/\\\/sematix.lt\\\/wp-content\\\/uploads\\\/2022\\\/01\\\/freestocks-vcPtHBqHnKk-unsplash-1024x683.jpg\",\"contentUrl\":\"https:\\\/\\\/sematix.lt\\\/wp-content\\\/uploads\\\/2022\\\/01\\\/freestocks-vcPtHBqHnKk-unsplash-1024x683.jpg\"},{\"@type\":\"BreadcrumbList\",\"@id\":\"https:\\\/\\\/sematix.lt\\\/apie-mus\\\/#breadcrumb\",\"itemListElement\":[{\"@type\":\"ListItem\",\"position\":1,\"name\":\"Home\",\"item\":\"https:\\\/\\\/sematix.lt\\\/de\\\/\"},{\"@type\":\"ListItem\",\"position\":2,\"name\":\"\u00dcBER UNS\"}]},{\"@type\":\"WebSite\",\"@id\":\"https:\\\/\\\/sematix.lt\\\/#website\",\"url\":\"https:\\\/\\\/sematix.lt\\\/\",\"name\":\"SEMATIX\",\"description\":\"PROFESIONALIAS DARBUOTOJ\u0172 RANGOS PASLAUGAS TEIKIANTI \u012eMON\u0116, PER\u0116MUSI DAUGIAU NEI 10 MET\u0172 DARBO SU PERSONALU PATIRT\u012e.\",\"publisher\":{\"@id\":\"https:\\\/\\\/sematix.lt\\\/#organization\"},\"potentialAction\":[{\"@type\":\"SearchAction\",\"target\":{\"@type\":\"EntryPoint\",\"urlTemplate\":\"https:\\\/\\\/sematix.lt\\\/?s={search_term_string}\"},\"query-input\":{\"@type\":\"PropertyValueSpecification\",\"valueRequired\":true,\"valueName\":\"search_term_string\"}}],\"inLanguage\":\"de\"},{\"@type\":\"Organization\",\"@id\":\"https:\\\/\\\/sematix.lt\\\/#organization\",\"name\":\"SEMATIX\",\"url\":\"https:\\\/\\\/sematix.lt\\\/\",\"logo\":{\"@type\":\"ImageObject\",\"inLanguage\":\"de\",\"@id\":\"https:\\\/\\\/sematix.lt\\\/#\\\/schema\\\/logo\\\/image\\\/\",\"url\":\"https:\\\/\\\/sematix.lt\\\/wp-content\\\/uploads\\\/2022\\\/03\\\/Sematix-www.png\",\"contentUrl\":\"https:\\\/\\\/sematix.lt\\\/wp-content\\\/uploads\\\/2022\\\/03\\\/Sematix-www.png\",\"width\":674,\"height\":221,\"caption\":\"SEMATIX\"},\"image\":{\"@id\":\"https:\\\/\\\/sematix.lt\\\/#\\\/schema\\\/logo\\\/image\\\/\"}}]}<\/script>\n<!-- \/ Yoast SEO plugin. -->","yoast_head_json":{"title":"\u00dcBER UNS - SEMATIX","robots":{"index":"index","follow":"follow","max-snippet":"max-snippet:-1","max-image-preview":"max-image-preview:large","max-video-preview":"max-video-preview:-1"},"canonical":"https:\/\/sematix.lt\/apie-mus\/","og_locale":"de_DE","og_type":"article","og_title":"\u00dcBER UNS - SEMATIX","og_description":"\u00dcBER UNS SEMATIX \u2013 das ist ein Team von Fachleuten, das sich auf die Optimierung von Gesch\u00e4ftsprozessen spezialisiert. Wir haben immer ein offenes Ohr f\u00fcr Ihre Bed\u00fcrfnisse und bieten Ihnen die besten L\u00f6sungen, um Ihr Gesch\u00e4ft wachsen zu lassen. Unsere Fachleute k\u00fcmmern sich um Ihre Produktions-, Verpackungs-, Lagerungs- oder Verkaufsprozesse und bieten Ihnen auch L\u00f6sungen [&hellip;]","og_url":"https:\/\/sematix.lt\/apie-mus\/","og_site_name":"SEMATIX","og_image":[{"url":"https:\/\/sematix.lt\/wp-content\/uploads\/2022\/01\/freestocks-vcPtHBqHnKk-unsplash-1024x683.jpg","type":"","width":"","height":""}],"twitter_card":"summary_large_image","twitter_misc":{"Gesch\u00e4tzte Lesezeit":"1\u00a0Minute"},"schema":{"@context":"https:\/\/schema.org","@graph":[{"@type":"WebPage","@id":"https:\/\/sematix.lt\/apie-mus\/","url":"https:\/\/sematix.lt\/apie-mus\/","name":"\u00dcBER UNS - SEMATIX","isPartOf":{"@id":"https:\/\/sematix.lt\/#website"},"primaryImageOfPage":{"@id":"https:\/\/sematix.lt\/apie-mus\/#primaryimage"},"image":{"@id":"https:\/\/sematix.lt\/apie-mus\/#primaryimage"},"thumbnailUrl":"https:\/\/sematix.lt\/wp-content\/uploads\/2022\/01\/freestocks-vcPtHBqHnKk-unsplash-1024x683.jpg","datePublished":"2022-03-02T12:28:32+00:00","breadcrumb":{"@id":"https:\/\/sematix.lt\/apie-mus\/#breadcrumb"},"inLanguage":"de","potentialAction":[{"@type":"ReadAction","target":["https:\/\/sematix.lt\/apie-mus\/"]}]},{"@type":"ImageObject","inLanguage":"de","@id":"https:\/\/sematix.lt\/apie-mus\/#primaryimage","url":"https:\/\/sematix.lt\/wp-content\/uploads\/2022\/01\/freestocks-vcPtHBqHnKk-unsplash-1024x683.jpg","contentUrl":"https:\/\/sematix.lt\/wp-content\/uploads\/2022\/01\/freestocks-vcPtHBqHnKk-unsplash-1024x683.jpg"},{"@type":"BreadcrumbList","@id":"https:\/\/sematix.lt\/apie-mus\/#breadcrumb","itemListElement":[{"@type":"ListItem","position":1,"name":"Home","item":"https:\/\/sematix.lt\/de\/"},{"@type":"ListItem","position":2,"name":"\u00dcBER UNS"}]},{"@type":"WebSite","@id":"https:\/\/sematix.lt\/#website","url":"https:\/\/sematix.lt\/","name":"SEMATIX","description":"PROFESIONALIAS DARBUOTOJ\u0172 RANGOS PASLAUGAS TEIKIANTI \u012eMON\u0116, PER\u0116MUSI DAUGIAU NEI 10 MET\u0172 DARBO SU PERSONALU PATIRT\u012e.","publisher":{"@id":"https:\/\/sematix.lt\/#organization"},"potentialAction":[{"@type":"SearchAction","target":{"@type":"EntryPoint","urlTemplate":"https:\/\/sematix.lt\/?s={search_term_string}"},"query-input":{"@type":"PropertyValueSpecification","valueRequired":true,"valueName":"search_term_string"}}],"inLanguage":"de"},{"@type":"Organization","@id":"https:\/\/sematix.lt\/#organization","name":"SEMATIX","url":"https:\/\/sematix.lt\/","logo":{"@type":"ImageObject","inLanguage":"de","@id":"https:\/\/sematix.lt\/#\/schema\/logo\/image\/","url":"https:\/\/sematix.lt\/wp-content\/uploads\/2022\/03\/Sematix-www.png","contentUrl":"https:\/\/sematix.lt\/wp-content\/uploads\/2022\/03\/Sematix-www.png","width":674,"height":221,"caption":"SEMATIX"},"image":{"@id":"https:\/\/sematix.lt\/#\/schema\/logo\/image\/"}}]}},"_links":{"self":[{"href":"https:\/\/sematix.lt\/de\/wp-json\/wp\/v2\/pages\/323","targetHints":{"allow":["GET"]}}],"collection":[{"href":"https:\/\/sematix.lt\/de\/wp-json\/wp\/v2\/pages"}],"about":[{"href":"https:\/\/sematix.lt\/de\/wp-json\/wp\/v2\/types\/page"}],"author":[{"embeddable":true,"href":"https:\/\/sematix.lt\/de\/wp-json\/wp\/v2\/users\/1"}],"replies":[{"embeddable":true,"href":"https:\/\/sematix.lt\/de\/wp-json\/wp\/v2\/comments?post=323"}],"version-history":[{"count":1,"href":"https:\/\/sematix.lt\/de\/wp-json\/wp\/v2\/pages\/323\/revisions"}],"predecessor-version":[{"id":324,"href":"https:\/\/sematix.lt\/de\/wp-json\/wp\/v2\/pages\/323\/revisions\/324"}],"wp:attachment":[{"href":"https:\/\/sematix.lt\/de\/wp-json\/wp\/v2\/media?parent=323"}],"curies":[{"name":"wp","href":"https:\/\/api.w.org\/{rel}","templated":true}]}}